{"id":29,"date":"2019-10-16T12:49:52","date_gmt":"2019-10-16T12:49:52","guid":{"rendered":"http:\/\/advancenano.inoe.ro\/?page_id=29"},"modified":"2021-05-06T14:24:41","modified_gmt":"2021-05-06T14:24:41","slug":"project-objectives","status":"publish","type":"page","link":"https:\/\/advancenano.inoe.ro\/index.php\/project-objectives\/","title":{"rendered":"Obiective"},"content":{"rendered":"\n<p style=\"text-align:justify\">(i) Investiga\u021bii si experiment\u0103ri preliminare privind ob\u021binerea \u0219i caracterizarea optic\u0103, structural\u0103, magnetic\u0103 \u0219i magneto-optic\u0103 a materialelor nanocompozite vitroceramice fosfato-teluritice, senzori de c\u00e2mp magnetic <br> (ii) Elaborarea \u0219i experimentarea unei metode de laborator de ob\u021binere a  materialelor nanocompozite vitroceramice fosfoteluritice senzori de  c\u00e2mp magnetic. Prepar\u0103ri de sisteme cu compozi\u021bii diverse <br> (iii) Caracterizarea optic\u0103, structural\u0103, magnetic\u0103 \u0219i magneto-optic\u0103 a  materialelor nanocompozite vitroceramice fosfoteluritice senzori de c\u00e2mp  magnetic <br> (iv) Experimentarea unei metode de laborator de ob\u021binere a materialelor  nanocompozite vitroceramice fosfoteluritice senzori de c\u00e2mp magnetic, cu  parametri optimiza\u021bi <br> (v) Caracterizarea optic\u0103, structural\u0103, magnetic\u0103 \u0219i magneto-optic\u0103 a  materialelor nanocompozite vitroceramice fosfoteluritice senzori de c\u00e2mp  magnetic cu parametri optimiza\u021bi <br> (vi) Optimizarea \u0219i validarea re\u021betelor compozi\u021bionale<\/p>\n","protected":false},"excerpt":{"rendered":"<p>(i) Investiga\u021bii si experiment\u0103ri preliminare privind ob\u021binerea \u0219i caracterizarea optic\u0103, structural\u0103, magnetic\u0103 \u0219i magneto-optic\u0103 a materialelor nanocompozite vitroceramice fosfato-teluritice, senzori de c\u00e2mp magnetic (ii) Elaborarea \u0219i experimentarea unei metode de laborator de ob\u021binere a materialelor nanocompozite vitroceramice fosfoteluritice senzori de c\u00e2mp magnetic. Prepar\u0103ri de sisteme cu compozi\u021bii diverse (iii) Caracterizarea optic\u0103, structural\u0103, magnetic\u0103 \u0219i magneto-optic\u0103 &hellip; <\/p>\n<p class=\"link-more\"><a href=\"https:\/\/advancenano.inoe.ro\/index.php\/project-objectives\/\" class=\"more-link\">Continu\u0103 lectura<span class=\"screen-reader-text\"> \u201eObiective\u201d<\/span><\/a><\/p>\n","protected":false},"author":1,"featured_media":0,"parent":0,"menu_order":0,"comment_status":"closed","ping_status":"closed","template":"","meta":{"footnotes":""},"_links":{"self":[{"href":"https:\/\/advancenano.inoe.ro\/index.php\/wp-json\/wp\/v2\/pages\/29"}],"collection":[{"href":"https:\/\/advancenano.inoe.ro\/index.php\/wp-json\/wp\/v2\/pages"}],"about":[{"href":"https:\/\/advancenano.inoe.ro\/index.php\/wp-json\/wp\/v2\/types\/page"}],"author":[{"embeddable":true,"href":"https:\/\/advancenano.inoe.ro\/index.php\/wp-json\/wp\/v2\/users\/1"}],"replies":[{"embeddable":true,"href":"https:\/\/advancenano.inoe.ro\/index.php\/wp-json\/wp\/v2\/comments?post=29"}],"version-history":[{"count":2,"href":"https:\/\/advancenano.inoe.ro\/index.php\/wp-json\/wp\/v2\/pages\/29\/revisions"}],"predecessor-version":[{"id":54,"href":"https:\/\/advancenano.inoe.ro\/index.php\/wp-json\/wp\/v2\/pages\/29\/revisions\/54"}],"wp:attachment":[{"href":"https:\/\/advancenano.inoe.ro\/index.php\/wp-json\/wp\/v2\/media?parent=29"}],"curies":[{"name":"wp","href":"https:\/\/api.w.org\/{rel}","templated":true}]}}